{"id":541,"date":"2025-01-08T20:19:20","date_gmt":"2025-01-08T20:19:20","guid":{"rendered":"https:\/\/equiposurgentes.site\/?page_id=541"},"modified":"2025-01-24T18:55:51","modified_gmt":"2025-01-24T18:55:51","slug":"contacto","status":"publish","type":"page","link":"https:\/\/equiposurgentes.com.mx\/index.php\/contacto\/","title":{"rendered":"Contacto"},"content":{"rendered":"<p>[et_pb_section fb_built=&#8221;1&#8243; _builder_version=&#8221;4.23.1&#8243; _module_preset=&#8221;default&#8221; background_color=&#8221;#212121&#8243; background_enable_image=&#8221;off&#8221; background_blend=&#8221;multiply&#8221; background_enable_pattern_style=&#8221;on&#8221; background_pattern_style=&#8221;diagonal-stripes&#8221; custom_margin=&#8221;-141px||||false|false&#8221; custom_padding=&#8221;200px||50px||false|false&#8221; global_colors_info=&#8221;{}&#8221;][et_pb_row column_structure=&#8221;1_3,1_3,1_3&#8243; use_custom_gutter=&#8221;on&#8221; gutter_width=&#8221;2&#8243; make_equal=&#8221;on&#8221; _builder_version=&#8221;4.27.4&#8243; _module_preset=&#8221;default&#8221; global_colors_info=&#8221;{}&#8221;][et_pb_column type=&#8221;1_3&#8243; _builder_version=&#8221;4.27.4&#8243; _module_preset=&#8221;default&#8221; custom_padding=&#8221;20px|25px|20px|25px|true|false&#8221; animation_style=&#8221;slide&#8221; animation_direction=&#8221;bottom&#8221; animation_duration=&#8221;900ms&#8221; animation_delay=&#8221;400ms&#8221; animation_intensity_slide=&#8221;20%&#8221; animation_speed_curve=&#8221;ease&#8221; custom_css_main_element=&#8221;backdrop-filter: blur(5px);&#8221; border_width_all=&#8221;1px&#8221; global_colors_info=&#8221;{}&#8221;][et_pb_text _builder_version=&#8221;4.27.4&#8243; _module_preset=&#8221;default&#8221; text_font=&#8221;Poppins|700|||||||&#8221; text_text_color=&#8221;#FFFFFF&#8221; text_font_size=&#8221;40px&#8221; text_letter_spacing=&#8221;0.4px&#8221; text_line_height=&#8221;1.1em&#8221; custom_margin=&#8221;||25px||false|false&#8221; custom_padding=&#8221;||||false|false&#8221; animation_direction=&#8221;top&#8221; hover_enabled=&#8221;0&#8243; global_colors_info=&#8221;{}&#8221; text_font_size_last_edited=&#8221;on|phone&#8221; text_font_size_phone=&#8221;38px&#8221; sticky_enabled=&#8221;0&#8243; text_font_size_tablet=&#8221;40px&#8221;]<\/p>\n<p class=\"dsm_block_reveal_text_header et_pb_module_header\">Conecta con nosotros.<\/p>\n<p>[\/et_pb_text][et_pb_text _builder_version=&#8221;4.27.4&#8243; _module_preset=&#8221;default&#8221; text_font=&#8221;Poppins|300|||||||&#8221; text_text_color=&#8221;#FFFFFF&#8221; text_font_size=&#8221;17.5px&#8221; text_letter_spacing=&#8221;0.4px&#8221; text_line_height=&#8221;1.3em&#8221; custom_margin=&#8221;||35px||false|false&#8221; custom_padding=&#8221;||||false|false&#8221; animation_direction=&#8221;top&#8221; hover_enabled=&#8221;0&#8243; global_colors_info=&#8221;{}&#8221; text_font_size_last_edited=&#8221;on|phone&#8221; text_font_size_phone=&#8221;16px&#8221; sticky_enabled=&#8221;0&#8243; text_font_size_tablet=&#8221;17.5px&#8221;]<\/p>\n<p class=\"dsm_block_reveal_text_header et_pb_module_header\">Estamos aqu\u00ed para ayudarte a <strong>transformar<\/strong> tus procesos. Cont\u00e1ctanos y descubre c\u00f3mo podemos <strong>impulsar tu empresa<\/strong> con nuestras soluciones de <strong>automatizaci\u00f3n<\/strong>.<\/p>\n<p>[\/et_pb_text][dsm_icon_list icon_gap_width=&#8221;1.2em&#8221; list_space_between=&#8221;14px&#8221; _builder_version=&#8221;4.27.4&#8243; _module_preset=&#8221;default&#8221; hover_enabled=&#8221;0&#8243; global_colors_info=&#8221;{}&#8221; sticky_enabled=&#8221;0&#8243;][dsm_icon_list_child admin_title=&#8221;tel\u00e9fono&#8221; text=&#8221;(81) 3060 &#8211; 5194&#8243; font_icon=&#8221;&#xe090;||divi||400&#8243; icon_color=&#8221;#dc0200&#8243; icon_font_size=&#8221;23px&#8221; url=&#8221;tel:81-3060-5194&#8243; _builder_version=&#8221;4.27.4&#8243; _module_preset=&#8221;default&#8221; text_font=&#8221;Poppins|600|||||||&#8221; text_text_color=&#8221;#FFFFFF&#8221; text_font_size=&#8221;17.5px&#8221; text_letter_spacing=&#8221;0.5px&#8221; hover_enabled=&#8221;0&#8243; global_colors_info=&#8221;{}&#8221; transform_styles__hover_enabled=&#8221;on|hover&#8221; transform_scale__hover_enabled=&#8221;on|hover&#8221; transform_translate__hover=&#8221;2px|0px&#8221; transform_translate__hover_enabled=&#8221;on|desktop&#8221; transform_rotate__hover_enabled=&#8221;on|desktop&#8221; transform_skew__hover_enabled=&#8221;on|desktop&#8221; transform_origin__hover_enabled=&#8221;on|desktop&#8221; text_font_size_last_edited=&#8221;on|phone&#8221; text_font_size_phone=&#8221;17px&#8221; sticky_enabled=&#8221;0&#8243; text_font_size_tablet=&#8221;17.5px&#8221;][\/dsm_icon_list_child][dsm_icon_list_child admin_title=&#8221;tel\u00e9fono whatsapp&#8221; text=&#8221;(81) 2428 &#8211; 6492&#8243; font_icon=&#8221;&#xf232;||fa||400&#8243; icon_color=&#8221;#dc0200&#8243; icon_font_size=&#8221;26px&#8221; url=&#8221;https:\/\/wa.link\/hk9pr6&#8243; _builder_version=&#8221;4.27.4&#8243; _module_preset=&#8221;default&#8221; text_font=&#8221;Poppins|600|||||||&#8221; text_text_color=&#8221;#FFFFFF&#8221; text_font_size=&#8221;17.5px&#8221; text_letter_spacing=&#8221;0.5px&#8221; hover_enabled=&#8221;0&#8243; global_colors_info=&#8221;{}&#8221; transform_styles__hover_enabled=&#8221;on|hover&#8221; transform_scale__hover_enabled=&#8221;on|hover&#8221; transform_translate__hover=&#8221;2px|0px&#8221; transform_translate__hover_enabled=&#8221;on|desktop&#8221; transform_rotate__hover_enabled=&#8221;on|desktop&#8221; transform_skew__hover_enabled=&#8221;on|desktop&#8221; transform_origin__hover_enabled=&#8221;on|desktop&#8221; text_font_size_last_edited=&#8221;on|phone&#8221; text_font_size_phone=&#8221;17px&#8221; sticky_enabled=&#8221;0&#8243; text_font_size_tablet=&#8221;17.5px&#8221;][\/dsm_icon_list_child][dsm_icon_list_child admin_title=&#8221;ubicaci\u00f3n&#8221; text=&#8221;ventas@equiposurgentes.com.mx&#8221; font_icon=&#8221;&#xe01d;||divi||400&#8243; icon_color=&#8221;#dc0200&#8243; icon_font_size=&#8221;23px&#8221; url=&#8221;mailto:ventas@equiposurgentes.com.mx&#8221; _builder_version=&#8221;4.27.4&#8243; _module_preset=&#8221;default&#8221; text_font=&#8221;Poppins|600|||||||&#8221; text_text_color=&#8221;#FFFFFF&#8221; text_font_size=&#8221;17.5px&#8221; text_letter_spacing=&#8221;0.5px&#8221; text_line_height=&#8221;1.5em&#8221; hover_enabled=&#8221;0&#8243; global_colors_info=&#8221;{}&#8221; transform_styles__hover_enabled=&#8221;on|hover&#8221; transform_scale__hover_enabled=&#8221;on|hover&#8221; transform_translate__hover=&#8221;2px|0px&#8221; transform_translate__hover_enabled=&#8221;on|desktop&#8221; transform_rotate__hover_enabled=&#8221;on|desktop&#8221; transform_skew__hover_enabled=&#8221;on|desktop&#8221; transform_origin__hover_enabled=&#8221;on|desktop&#8221; text_font_size_last_edited=&#8221;on|phone&#8221; text_font_size_phone=&#8221;17px&#8221; sticky_enabled=&#8221;0&#8243; text_font_size_tablet=&#8221;17.5px&#8221;][\/dsm_icon_list_child][dsm_icon_list_child admin_title=&#8221;ubicaci\u00f3n&#8221; text=&#8221;Andrea Pozzo 208, Arezzo Residencial, Garcia, N.L. 66036&#8243; font_icon=&#8221;&#xe01d;||divi||400&#8243; icon_color=&#8221;#dc0200&#8243; icon_font_size=&#8221;23px&#8221; url=&#8221;https:\/\/maps.app.goo.gl\/N2Vsid9kbbUqYQuf8&#8243; _builder_version=&#8221;4.27.4&#8243; _module_preset=&#8221;default&#8221; text_font=&#8221;Poppins|600|||||||&#8221; text_text_color=&#8221;#FFFFFF&#8221; text_font_size=&#8221;17.5px&#8221; text_letter_spacing=&#8221;0.5px&#8221; text_line_height=&#8221;1.5em&#8221; hover_enabled=&#8221;0&#8243; global_colors_info=&#8221;{}&#8221; transform_styles__hover_enabled=&#8221;on|hover&#8221; transform_scale__hover_enabled=&#8221;on|hover&#8221; transform_translate__hover=&#8221;2px|0px&#8221; transform_translate__hover_enabled=&#8221;on|desktop&#8221; transform_rotate__hover_enabled=&#8221;on|desktop&#8221; transform_skew__hover_enabled=&#8221;on|desktop&#8221; transform_origin__hover_enabled=&#8221;on|desktop&#8221; text_font_size_last_edited=&#8221;on|phone&#8221; text_font_size_phone=&#8221;17px&#8221; sticky_enabled=&#8221;0&#8243; text_font_size_tablet=&#8221;17.5px&#8221;][\/dsm_icon_list_child][\/dsm_icon_list][\/et_pb_column][et_pb_column type=&#8221;1_3&#8243; _builder_version=&#8221;4.27.4&#8243; _module_preset=&#8221;default&#8221; background_color=&#8221;#4c4c4c&#8221; custom_padding=&#8221;20px|25px|20px|25px|true|true&#8221; animation_style=&#8221;slide&#8221; animation_direction=&#8221;bottom&#8221; animation_duration=&#8221;900ms&#8221; animation_delay=&#8221;800ms&#8221; animation_intensity_slide=&#8221;20%&#8221; animation_speed_curve=&#8221;ease&#8221; global_colors_info=&#8221;{}&#8221;][et_pb_text _builder_version=&#8221;4.27.4&#8243; _module_preset=&#8221;default&#8221; text_font=&#8221;Poppins|600|||||||&#8221; text_text_color=&#8221;#FFFFFF&#8221; text_font_size=&#8221;30px&#8221; text_letter_spacing=&#8221;0.4px&#8221; text_line_height=&#8221;1.1em&#8221; custom_margin=&#8221;||25px||false|false&#8221; custom_padding=&#8221;||||false|false&#8221; animation_direction=&#8221;top&#8221; hover_enabled=&#8221;0&#8243; global_colors_info=&#8221;{}&#8221; text_font_size_last_edited=&#8221;on|phone&#8221; text_font_size_phone=&#8221;28px&#8221; sticky_enabled=&#8221;0&#8243; text_font_size_tablet=&#8221;30px&#8221;]<\/p>\n<p class=\"dsm_block_reveal_text_header et_pb_module_header\">Env\u00edanos un mensaje<\/p>\n<p>[\/et_pb_text][et_pb_contact_form captcha=&#8221;off&#8221; email=&#8221;ventas@equiposurgentes.com.mx&#8221; custom_message=&#8221;\u00a1Hola!||et_pb_line_break_holder||||et_pb_line_break_holder||\u00c9ste mensaje ha sido enviado desde el sitio web Equipos Urgentes.||et_pb_line_break_holder||||et_pb_line_break_holder||||et_pb_line_break_holder||Nombre: %%txtNombre%%||et_pb_line_break_holder||||et_pb_line_break_holder||Correo: %%txtCorreo%%||et_pb_line_break_holder||||et_pb_line_break_holder||Tel\u00e9fono: %%txtTel%%||et_pb_line_break_holder||||et_pb_line_break_holder||Mensaje: ||et_pb_line_break_holder||||et_pb_line_break_holder||%%txtMensaje%%||et_pb_line_break_holder||||et_pb_line_break_holder||||et_pb_line_break_holder||Gracias.&#8221; success_message=&#8221;\u00a1Gracias por contactarnos! Hemos recibido tu mensaje y pronto nos pondremos en contacto contigo. Nos aseguraremos de responderte lo m\u00e1s r\u00e1pido posible.&#8221; submit_button_text=&#8221;Enviar&#8221; _builder_version=&#8221;4.27.4&#8243; _module_preset=&#8221;default&#8221; _unique_id=&#8221;a7963920-fc3d-4c5c-94b0-ba00e51aae38&#8243; form_field_background_color=&#8221;#FFFFFF&#8221; custom_button=&#8221;on&#8221; button_text_size=&#8221;16px&#8221; button_bg_color=&#8221;#dc0200&#8243; button_border_color=&#8221;RGBA(255,255,255,0)&#8221; button_letter_spacing=&#8221;0.4px&#8221; button_font=&#8221;Poppins|600|||||||&#8221; button_icon=&#8221;&#xf1d8;||fa||900&#8243; button_icon_color=&#8221;#FFFFFF&#8221; button_on_hover=&#8221;off&#8221; button_custom_margin=&#8221;10px||||false|false&#8221; button_custom_padding=&#8221;9px|145px|9px|132px|true|false&#8221; hover_enabled=&#8221;0&#8243; box_shadow_style_button=&#8221;preset7&#8243; box_shadow_horizontal_button=&#8221;0px&#8221; box_shadow_vertical_button=&#8221;0px&#8221; box_shadow_color_button=&#8221;RGBA(255,255,255,0)&#8221; global_colors_info=&#8221;{}&#8221; button_border_color__hover=&#8221;#b20000&#8243; button_border_color__hover_enabled=&#8221;on|desktop&#8221; box_shadow_horizontal_button__hover_enabled=&#8221;on|hover&#8221; box_shadow_horizontal_button__hover=&#8221;350px&#8221; box_shadow_color_button__hover_enabled=&#8221;on|hover&#8221; box_shadow_color_button__hover=&#8221;#b20000&#8243; button_custom_padding_last_edited=&#8221;on|phone&#8221; button_custom_padding_phone=&#8221;9px|100px|9px|82px|true|false&#8221; sticky_enabled=&#8221;0&#8243; button_text_size_last_edited=&#8221;off|phone&#8221; button_custom_padding_tablet=&#8221;9px|145px|9px|132px|true|false&#8221;][et_pb_contact_field field_id=&#8221;txtNombre&#8221; field_title=&#8221;Nombre&#8221; fullwidth_field=&#8221;on&#8221; _builder_version=&#8221;4.23.1&#8243; _module_preset=&#8221;default&#8221; global_colors_info=&#8221;{}&#8221; button_text_size__hover_enabled=&#8221;off&#8221; button_one_text_size__hover_enabled=&#8221;off&#8221; button_two_text_size__hover_enabled=&#8221;off&#8221; button_text_color__hover_enabled=&#8221;off&#8221; button_one_text_color__hover_enabled=&#8221;off&#8221; button_two_text_color__hover_enabled=&#8221;off&#8221; button_border_width__hover_enabled=&#8221;off&#8221; button_one_border_width__hover_enabled=&#8221;off&#8221; button_two_border_width__hover_enabled=&#8221;off&#8221; button_border_color__hover_enabled=&#8221;off&#8221; button_one_border_color__hover_enabled=&#8221;off&#8221; button_two_border_color__hover_enabled=&#8221;off&#8221; button_border_radius__hover_enabled=&#8221;off&#8221; button_one_border_radius__hover_enabled=&#8221;off&#8221; button_two_border_radius__hover_enabled=&#8221;off&#8221; button_letter_spacing__hover_enabled=&#8221;off&#8221; button_one_letter_spacing__hover_enabled=&#8221;off&#8221; button_two_letter_spacing__hover_enabled=&#8221;off&#8221; button_bg_color__hover_enabled=&#8221;off&#8221; button_one_bg_color__hover_enabled=&#8221;off&#8221; button_two_bg_color__hover_enabled=&#8221;off&#8221;][\/et_pb_contact_field][et_pb_contact_field field_id=&#8221;txtTel&#8221; field_title=&#8221;Tel\u00e9fono&#8221; fullwidth_field=&#8221;on&#8221; _builder_version=&#8221;4.23.1&#8243; _module_preset=&#8221;default&#8221; global_colors_info=&#8221;{}&#8221;][\/et_pb_contact_field][et_pb_contact_field field_id=&#8221;txtCorreo&#8221; field_title=&#8221;Correo electr\u00f3nico&#8221; field_type=&#8221;email&#8221; fullwidth_field=&#8221;on&#8221; _builder_version=&#8221;4.23.1&#8243; _module_preset=&#8221;default&#8221; global_colors_info=&#8221;{}&#8221; button_text_size__hover_enabled=&#8221;off&#8221; button_one_text_size__hover_enabled=&#8221;off&#8221; button_two_text_size__hover_enabled=&#8221;off&#8221; button_text_color__hover_enabled=&#8221;off&#8221; button_one_text_color__hover_enabled=&#8221;off&#8221; button_two_text_color__hover_enabled=&#8221;off&#8221; button_border_width__hover_enabled=&#8221;off&#8221; button_one_border_width__hover_enabled=&#8221;off&#8221; button_two_border_width__hover_enabled=&#8221;off&#8221; button_border_color__hover_enabled=&#8221;off&#8221; button_one_border_color__hover_enabled=&#8221;off&#8221; button_two_border_color__hover_enabled=&#8221;off&#8221; button_border_radius__hover_enabled=&#8221;off&#8221; button_one_border_radius__hover_enabled=&#8221;off&#8221; button_two_border_radius__hover_enabled=&#8221;off&#8221; button_letter_spacing__hover_enabled=&#8221;off&#8221; button_one_letter_spacing__hover_enabled=&#8221;off&#8221; button_two_letter_spacing__hover_enabled=&#8221;off&#8221; button_bg_color__hover_enabled=&#8221;off&#8221; button_one_bg_color__hover_enabled=&#8221;off&#8221; button_two_bg_color__hover_enabled=&#8221;off&#8221;][\/et_pb_contact_field][et_pb_contact_field field_id=&#8221;txtMensaje&#8221; field_title=&#8221;Mensaje&#8221; field_type=&#8221;text&#8221; fullwidth_field=&#8221;on&#8221; _builder_version=&#8221;4.23.1&#8243; _module_preset=&#8221;default&#8221; global_colors_info=&#8221;{}&#8221; button_text_size__hover_enabled=&#8221;off&#8221; button_one_text_size__hover_enabled=&#8221;off&#8221; button_two_text_size__hover_enabled=&#8221;off&#8221; button_text_color__hover_enabled=&#8221;off&#8221; button_one_text_color__hover_enabled=&#8221;off&#8221; button_two_text_color__hover_enabled=&#8221;off&#8221; button_border_width__hover_enabled=&#8221;off&#8221; button_one_border_width__hover_enabled=&#8221;off&#8221; button_two_border_width__hover_enabled=&#8221;off&#8221; button_border_color__hover_enabled=&#8221;off&#8221; button_one_border_color__hover_enabled=&#8221;off&#8221; button_two_border_color__hover_enabled=&#8221;off&#8221; button_border_radius__hover_enabled=&#8221;off&#8221; button_one_border_radius__hover_enabled=&#8221;off&#8221; button_two_border_radius__hover_enabled=&#8221;off&#8221; button_letter_spacing__hover_enabled=&#8221;off&#8221; button_one_letter_spacing__hover_enabled=&#8221;off&#8221; button_two_letter_spacing__hover_enabled=&#8221;off&#8221; button_bg_color__hover_enabled=&#8221;off&#8221; button_one_bg_color__hover_enabled=&#8221;off&#8221; button_two_bg_color__hover_enabled=&#8221;off&#8221;][\/et_pb_contact_field][\/et_pb_contact_form][\/et_pb_column][et_pb_column type=&#8221;1_3&#8243; _builder_version=&#8221;4.27.4&#8243; _module_preset=&#8221;default&#8221; animation_style=&#8221;slide&#8221; animation_direction=&#8221;bottom&#8221; animation_duration=&#8221;900ms&#8221; animation_delay=&#8221;1200ms&#8221; animation_intensity_slide=&#8221;20%&#8221; animation_speed_curve=&#8221;ease&#8221; global_colors_info=&#8221;{}&#8221;][et_pb_code _builder_version=&#8221;4.23.1&#8243; _module_preset=&#8221;default&#8221; global_colors_info=&#8221;{}&#8221;]<iframe src=\"https:\/\/www.google.com\/maps\/embed?pb=!1m18!1m12!1m3!1d3592.992618012633!2d-100.4713624884406!3d25.77080737725171!2m3!1f0!2f0!3f0!3m2!1i1024!2i768!4f13.1!3m3!1m2!1s0x86629a3b6bd6e261%3A0xdd55e24c1133abf9!2sAndrea%20Pozzo%2C%2066036%20Mitras%20Poniente%2C%20N.L.!5e0!3m2!1ses-419!2smx!4v1736361905147!5m2!1ses-419!2smx\" width=\"600\" height=\"550border:0;\" allowfullscreen=\"\" loading=\"lazy\" referrerpolicy=\"no-referrer-when-downgrade\"><\/iframe>[\/et_pb_code][\/et_pb_column][\/et_pb_row][\/et_pb_section]<\/p>\n","protected":false},"excerpt":{"rendered":"<p>Conecta con nosotros.Estamos aqu\u00ed para ayudarte a transformar tus procesos. Cont\u00e1ctanos y descubre c\u00f3mo podemos impulsar tu empresa con nuestras soluciones de automatizaci\u00f3n.<div class=\"et_pb_module dsm_icon_list dsm_icon_list_0\">\n\t\t\t\t\n\t\t\t\t\n\t\t\t\t\n\t\t\t\t\n\t\t\t\t\n\t\t\t\t\n\t\t\t\t<div class=\"et_pb_module_inner\">\n\t\t\t\t\t<ul class=\"dsm_icon_list_items dsm_icon_list_ltr_direction dsm_icon_list_layout_vertical\"><\/ul>\n\t\t\t\t<\/div>\n\t\t\t<\/div><li class=\"dsm_icon_list_child dsm_icon_list_child_0\">\n\t\t\t\t\n\t\t\t\t\n\t\t\t\t\n\t\t\t\t\n\t\t\t\t<span class=\"dsm_icon_list_wrapper\"><span class=\"dsm_icon_list_icon\"><\/span><\/span><span class=\"dsm_icon_list_text\">&#8221;(81)<\/span>\n\t\t\t<\/li><\/p>\n","protected":false},"author":1,"featured_media":0,"parent":0,"menu_order":0,"comment_status":"closed","ping_status":"closed","template":"","meta":{"_et_pb_use_builder":"on","_et_pb_old_content":"","_et_gb_content_width":"","footnotes":""},"dipi_cpt_category":[],"class_list":["post-541","page","type-page","status-publish","hentry"],"_links":{"self":[{"href":"https:\/\/equiposurgentes.com.mx\/index.php\/wp-json\/wp\/v2\/pages\/541","targetHints":{"allow":["GET"]}}],"collection":[{"href":"https:\/\/equiposurgentes.com.mx\/index.php\/wp-json\/wp\/v2\/pages"}],"about":[{"href":"https:\/\/equiposurgentes.com.mx\/index.php\/wp-json\/wp\/v2\/types\/page"}],"author":[{"embeddable":true,"href":"https:\/\/equiposurgentes.com.mx\/index.php\/wp-json\/wp\/v2\/users\/1"}],"replies":[{"embeddable":true,"href":"https:\/\/equiposurgentes.com.mx\/index.php\/wp-json\/wp\/v2\/comments?post=541"}],"version-history":[{"count":17,"href":"https:\/\/equiposurgentes.com.mx\/index.php\/wp-json\/wp\/v2\/pages\/541\/revisions"}],"predecessor-version":[{"id":654,"href":"https:\/\/equiposurgentes.com.mx\/index.php\/wp-json\/wp\/v2\/pages\/541\/revisions\/654"}],"wp:attachment":[{"href":"https:\/\/equiposurgentes.com.mx\/index.php\/wp-json\/wp\/v2\/media?parent=541"}],"wp:term":[{"taxonomy":"dipi_cpt_category","embeddable":true,"href":"https:\/\/equiposurgentes.com.mx\/index.php\/wp-json\/wp\/v2\/dipi_cpt_category?post=541"}],"curies":[{"name":"wp","href":"https:\/\/api.w.org\/{rel}","templated":true}]}}